{"id":29689,"date":"2025-09-17T13:29:29","date_gmt":"2025-09-17T13:29:29","guid":{"rendered":"http:\/\/nostrifikacija.com\/?page_id=29689"},"modified":"2025-09-17T13:31:59","modified_gmt":"2025-09-17T13:31:59","slug":"cesta-pitanja","status":"publish","type":"page","link":"https:\/\/nostrifikacija.com\/en\/cesta-pitanja\/","title":{"rendered":"Frequently Asked Questions"},"content":{"rendered":"<div data-elementor-type=\"wp-page\" data-elementor-id=\"29689\" class=\"elementor elementor-29689\">\n\t\t\t\t<div class=\"wd-negative-gap elementor-element elementor-element-2207e6c e-flex e-con-boxed e-con e-parent\" data-id=\"2207e6c\" data-element_type=\"container\" data-e-type=\"container\">\n\t\t\t\t\t<div class=\"e-con-inner\">\n\t\t\t\t<div class=\"elementor-element elementor-element-d01b196 elementor-widget elementor-widget-wd_accordion\" data-id=\"d01b196\" data-element_type=\"widget\" data-e-type=\"widget\" data-widget_type=\"wd_accordion.default\">\n\t\t\t\t<div class=\"elementor-widget-container\">\n\t\t\t\t\t\n\t\t<div class=\"wd-accordion wd-style-default wd-titles-left wd-opener-pos-left wd-opener-style-arrow\" data-state=\"first\">\n\t\t\t\t\t\t\t\n\t\t\t\t<div class=\"wd-accordion-item\">\n\t\t\t\t\t<div class=\"wd-accordion-title wd-active\" data-accordion-index=\"0\">\n\t\t\t\t\t\t<div class=\"wd-accordion-title-text\">\n\t\t\t\t\t\t\t\t\t\t\t\t\t\t<span>\n\t\t\t\t\t\t\t\t1. What is diploma recognition (nostrification)?\t\t\t\t\t\t\t<\/span>\n\t\t\t\t\t\t<\/div>\n\t\t\t\t\t\t<span class=\"wd-accordion-opener\"><\/span>\n\t\t\t\t\t<\/div>\n\n\t\t\t\t\t<div class=\"wd-accordion-content wd-entry-content wd-active\" data-accordion-index=\"0\">\n\t\t\t\t\t\t\t\t\t\t\t\t\t\n\t\t\t\t\t\t\t<p data-start=\"326\" data-end=\"545\">Diploma recognition (nostrification) is the official procedure of acknowledging foreign educational documents in the Republic of Serbia, through which a diploma obtained abroad acquires the same legal validity as a domestic one.<\/p>\n\t\t\t\t\t\t\t\t\t\t\t\t\t\t\t\t\t\t<\/div>\n\t\t\t\t<\/div>\n\t\t\t\t\t\t\t\n\t\t\t\t<div class=\"wd-accordion-item\">\n\t\t\t\t\t<div class=\"wd-accordion-title\" data-accordion-index=\"1\">\n\t\t\t\t\t\t<div class=\"wd-accordion-title-text\">\n\t\t\t\t\t\t\t\t\t\t\t\t\t\t<span>\n\t\t\t\t\t\t\t\t2. Who is responsible for diploma recognition (nostrification)?\t\t\t\t\t\t\t<\/span>\n\t\t\t\t\t\t<\/div>\n\t\t\t\t\t\t<span class=\"wd-accordion-opener\"><\/span>\n\t\t\t\t\t<\/div>\n\n\t\t\t\t\t<div class=\"wd-accordion-content wd-entry-content\" data-accordion-index=\"1\">\n\t\t\t\t\t\t\t\t\t\t\t\t\t\n\t\t\t\t\t\t\t<p data-start=\"547\" data-end=\"757\" class=\"translation-block\">Most often, the competent authority is the <strong>Ministry of Education, Science and Technological Development<\/strong> or the <strong>ENIC\/NARIC Center<\/strong>. For certain fields, the procedure is carried out by universities or faculties.<\/p><p data-start=\"759\" data-end=\"937\">\u00a0<\/p>\n\t\t\t\t\t\t\t\t\t\t\t\t\t\t\t\t\t\t<\/div>\n\t\t\t\t<\/div>\n\t\t\t\t\t\t\t\n\t\t\t\t<div class=\"wd-accordion-item\">\n\t\t\t\t\t<div class=\"wd-accordion-title\" data-accordion-index=\"2\">\n\t\t\t\t\t\t<div class=\"wd-accordion-title-text\">\n\t\t\t\t\t\t\t\t\t\t\t\t\t\t<span>\n\t\t\t\t\t\t\t\t3. Which documents are required?\t\t\t\t\t\t\t<\/span>\n\t\t\t\t\t\t<\/div>\n\t\t\t\t\t\t<span class=\"wd-accordion-opener\"><\/span>\n\t\t\t\t\t<\/div>\n\n\t\t\t\t\t<div class=\"wd-accordion-content wd-entry-content\" data-accordion-index=\"2\">\n\t\t\t\t\t\t\t\t\t\t\t\t\t\n\t\t\t\t\t\t\t<p data-start=\"759\" data-end=\"937\">They usually require the original or certified copies of the diploma and transcript, official translations by a court interpreter, and sometimes the study curriculum.<\/p><p data-start=\"939\" data-end=\"1110\">\u00a0<\/p>\n\t\t\t\t\t\t\t\t\t\t\t\t\t\t\t\t\t\t<\/div>\n\t\t\t\t<\/div>\n\t\t\t\t\t\t\t\n\t\t\t\t<div class=\"wd-accordion-item\">\n\t\t\t\t\t<div class=\"wd-accordion-title\" data-accordion-index=\"3\">\n\t\t\t\t\t\t<div class=\"wd-accordion-title-text\">\n\t\t\t\t\t\t\t\t\t\t\t\t\t\t<span>\n\t\t\t\t\t\t\t\t4. How long does the diploma recognition (nostrification) process take?\t\t\t\t\t\t\t<\/span>\n\t\t\t\t\t\t<\/div>\n\t\t\t\t\t\t<span class=\"wd-accordion-opener\"><\/span>\n\t\t\t\t\t<\/div>\n\n\t\t\t\t\t<div class=\"wd-accordion-content wd-entry-content\" data-accordion-index=\"3\">\n\t\t\t\t\t\t\t\t\t\t\t\t\t\n\t\t\t\t\t\t\t<p data-start=\"939\" data-end=\"1110\" class=\"translation-block\">The duration varies \u2013 on average from <strong>one month to several months<\/strong>, depending on the country of origin of the diploma and the scope of the documentation.<\/p><p data-start=\"1112\" data-end=\"1307\">\u00a0<\/p>\n\t\t\t\t\t\t\t\t\t\t\t\t\t\t\t\t\t\t<\/div>\n\t\t\t\t<\/div>\n\t\t\t\t\t\t\t\n\t\t\t\t<div class=\"wd-accordion-item\">\n\t\t\t\t\t<div class=\"wd-accordion-title\" data-accordion-index=\"4\">\n\t\t\t\t\t\t<div class=\"wd-accordion-title-text\">\n\t\t\t\t\t\t\t\t\t\t\t\t\t\t<span>\n\t\t\t\t\t\t\t\t5. Is diploma recognition (nostrification) mandatory?\t\t\t\t\t\t\t<\/span>\n\t\t\t\t\t\t<\/div>\n\t\t\t\t\t\t<span class=\"wd-accordion-opener\"><\/span>\n\t\t\t\t\t<\/div>\n\n\t\t\t\t\t<div class=\"wd-accordion-content wd-entry-content\" data-accordion-index=\"4\">\n\t\t\t\t\t\t\t\t\t\t\t\t\t\n\t\t\t\t\t\t\t<p data-start=\"1309\" data-end=\"1537\">Yes, diploma recognition is necessary if you wish to continue your education, apply for jobs in state institutions, or use your diploma for legal and professional purposes in Serbia.<\/p><p data-start=\"1539\" data-end=\"1748\">\u00a0<\/p>\n\t\t\t\t\t\t\t\t\t\t\t\t\t\t\t\t\t\t<\/div>\n\t\t\t\t<\/div>\n\t\t\t\t\t\t\t\n\t\t\t\t<div class=\"wd-accordion-item\">\n\t\t\t\t\t<div class=\"wd-accordion-title\" data-accordion-index=\"5\">\n\t\t\t\t\t\t<div class=\"wd-accordion-title-text\">\n\t\t\t\t\t\t\t\t\t\t\t\t\t\t<span>\n\t\t\t\t\t\t\t\t6. Can I complete the diploma recognition process on my own?\t\t\t\t\t\t\t<\/span>\n\t\t\t\t\t\t<\/div>\n\t\t\t\t\t\t<span class=\"wd-accordion-opener\"><\/span>\n\t\t\t\t\t<\/div>\n\n\t\t\t\t\t<div class=\"wd-accordion-content wd-entry-content\" data-accordion-index=\"5\">\n\t\t\t\t\t\t\t\t\t\t\t\t\t\n\t\t\t\t\t\t\t<p data-start=\"1539\" data-end=\"1748\">Yes, you can, but the procedure is complex and administratively demanding. That is why many candidates choose to engage professional intermediaries to speed up the process and avoid mistakes.<\/p>\n\t\t\t\t\t\t\t\t\t\t\t\t\t\t\t\t\t\t<\/div>\n\t\t\t\t<\/div>\n\t\t\t\t\t<\/div>\n\t\t\t\t\t\t<\/div>\n\t\t\t\t<\/div>\n\t\t\t\t\t<\/div>\n\t\t\t\t<\/div>\n\t\t\t\t<\/div>","protected":false},"excerpt":{"rendered":"<p>1. \u0160ta je nostrifikacija diplome? Nostrifikacija diplome je postupak zvani\u010dnog priznavanja stranih obrazovnih isprava u Republici Srbiji, kojim diploma ste\u010dena<\/p>","protected":false},"author":1,"featured_media":0,"parent":0,"menu_order":0,"comment_status":"closed","ping_status":"closed","template":"elementor_header_footer","meta":{"footnotes":""},"class_list":["post-29689","page","type-page","status-publish","hentry"],"_links":{"self":[{"href":"https:\/\/nostrifikacija.com\/en\/wp-json\/wp\/v2\/pages\/29689","targetHints":{"allow":["GET"]}}],"collection":[{"href":"https:\/\/nostrifikacija.com\/en\/wp-json\/wp\/v2\/pages"}],"about":[{"href":"https:\/\/nostrifikacija.com\/en\/wp-json\/wp\/v2\/types\/page"}],"author":[{"embeddable":true,"href":"https:\/\/nostrifikacija.com\/en\/wp-json\/wp\/v2\/users\/1"}],"replies":[{"embeddable":true,"href":"https:\/\/nostrifikacija.com\/en\/wp-json\/wp\/v2\/comments?post=29689"}],"version-history":[{"count":4,"href":"https:\/\/nostrifikacija.com\/en\/wp-json\/wp\/v2\/pages\/29689\/revisions"}],"predecessor-version":[{"id":29694,"href":"https:\/\/nostrifikacija.com\/en\/wp-json\/wp\/v2\/pages\/29689\/revisions\/29694"}],"wp:attachment":[{"href":"https:\/\/nostrifikacija.com\/en\/wp-json\/wp\/v2\/media?parent=29689"}],"curies":[{"name":"wp","href":"https:\/\/api.w.org\/{rel}","templated":true}]}}